{"id":727,"date":"2022-06-02T01:02:22","date_gmt":"2022-06-01T23:02:22","guid":{"rendered":"http:\/\/ulm-larochelle.fr\/?post_type=product&#038;p=727"},"modified":"2025-01-22T18:52:02","modified_gmt":"2025-01-22T17:52:02","slug":"oleron-et-vauban","status":"publish","type":"product","link":"https:\/\/ulm-larochelle.fr\/index.php\/produit\/oleron-et-vauban\/","title":{"rendered":"8 &#8211; Ol\u00e9ron et Vauban"},"content":{"rendered":"<h2><strong>Ol\u00e9ron et Vauban<\/strong><\/h2>\n<p>Votre pilote vous emm\u00e8nera d\u00e9couvrir les plus <strong>beaux \u00e9difices<\/strong> de la r\u00e9gion. Embarquez pour ressentir des \u00e9motions extraordinaires lors de votre<strong>\u00a0survol du <a href=\"http:\/\/ulm-larochelle.fr\/index.php\/produit\/toujours-plus-fort\/\">Fort Boyard<\/a><\/strong> avant de prendre la direction de l&rsquo;<strong>ile d&rsquo;Ol\u00e9ron<\/strong>.<br \/>\nsur le circuit d&rsquo;Ol\u00e9ron et Vauban, vous mettrez le Cap sur le <strong>phare de Chassiron<\/strong> , retour par la c\u00f4te sud, et par la pointe de Gatseau.<br \/>\nPassage sur le <strong>pont de l&rsquo;ile d&rsquo;Ol\u00e9ron<\/strong> et d\u00e9couverte des c\u00e9l\u00e8bres <strong>parcs \u00e0 <a href=\"https:\/\/www.ile-oleron-marennes.com\/\" target=\"_blank\" rel=\"noopener\">huitres de Marennes d&rsquo;Ol\u00e9ron<\/a><\/strong>.<br \/>\nVous emprunterez ensuite le <strong>circuit<\/strong> des <strong>f<a href=\"http:\/\/ulm-larochelle.fr\/index.php\/produit\/les-traces-de-vauban\/\">ortifications de Vauban<\/a><\/strong>, de la <strong>citadelle de Brouage<\/strong> pour terminer au-dessus de la <strong>Corderie Royale de Rochefort<\/strong>.<\/p>\n<p>Vous apercevez la c\u00e9l\u00e8bre go\u00e9lette de La Fayette : <strong>l&rsquo;HERMIONE<\/strong><\/p>\n","protected":false},"excerpt":{"rendered":"<p>Envolez-vous pour <strong>Ol\u00e9ron<\/strong> et <strong>Vauban<\/strong> en ULM Autogire et d\u00e9couvrez les superbes <strong>fortifications<\/strong> <strong>Vauban<\/strong> en passant par dessus le <strong>Fort Boyard<\/strong> !<\/p>\n<p>A bord de l&rsquo;ULM gyrocopt\u00e8re ELA 10 Eclipse de Thierry, pilote professionnel depuis 26 ans, vous pourrez d\u00e9couvrir le sud de La Rochelle en toute s\u00e9curit\u00e9. En prenant votre envol de la Rochelle, vous allez pouvoir d\u00e9couvrir et observer du ciel les plus spots de l&rsquo;\u00cele d&rsquo;Ol\u00e9ron et de la c\u00f4te Charentaise.<\/p>\n<p>votre Pilote, vous propose de survoler toute la c\u00f4te <strong>d&rsquo;Ol\u00e9ron<\/strong> avant de revenir vers le continent pour rentrer \u00e0 La Rochelle. Durant ce trajet de nombreux paysages maritimes se dessineront au loin gr\u00e2ce \u00e0 l&rsquo;angle de 270\u00b0 qu&rsquo;offre l&rsquo;Autogire. En passant au dessus du Fort Boyard, le trajet commence avec ton de nostalgie avant de visiter les c\u00f4tes d&rsquo;Ol\u00e9ron et admirer le <strong>Phare<\/strong> de <strong>Chassiron<\/strong> ainsi que les <strong>parcs<\/strong> \u00e0 <strong>huitres<\/strong> de <strong>Marennes<\/strong>&#8211;<strong>Ol\u00e9ron<\/strong>. Une fois avoir rejoint le continent, vous longerez la c\u00f4te \u00e0 200 m d&rsquo;altitude, en direction de La Rochelle. Vous allez pouvoir observer la <strong>Corderie<\/strong> <strong>Royale<\/strong> de Rochefort, la petite <strong>citadelle<\/strong> de <strong>Brouage<\/strong> ainsi que les <strong>Forts<\/strong> de <strong>l&rsquo;Ile Madame<\/strong> et Lapointe.<\/p>\n<h4>Tarif<\/h4>\n<ul>\n<li>Prix compris pour : 1 personne.<\/li>\n<li>Validit\u00e9 : 365 jours.<\/li>\n<li>Paiements : Individuel ou paiement de groupe.<\/li>\n<li>R\u00e9duction : Code Promo, Carte C\u00e9zam.<\/li>\n<\/ul>\n<h4>Description<\/h4>\n<ul>\n<li>D\u00e9couverte de l\u2019Autogire et explication des sp\u00e9cificit\u00e9s de la machine.<\/li>\n<li><a href=\"https:\/\/ulm-larochelle.fr\/index.php\/produit\/le-reve-d-icare\/\" target=\"_blank\" rel=\"noopener\">Bapt\u00eame de l\u2019air en autogire<\/a>.<\/li>\n<li>Option : repartez avec\u00a0<strong><a href=\"https:\/\/ulm-larochelle.fr\/index.php\/produit\/option-video\/\">Souvenir Film\u00e9<\/a>\u00a0afin d\u2019immortaliser ces moments de Bonheur<\/strong><\/li>\n<\/ul>\n<h4 class=\" wp-block-heading eplus-wrapper\">Infos utiles<\/h4>\n<ul class=\" eplus-wrapper eplus-styles-uid-a5bbc5\">\n<li class=\" eplus-wrapper\"><strong>Minimum 10 ans<\/strong>, l\u2019autorisation des parents est demand\u00e9e pour les mineurs.<\/li>\n<li class=\" eplus-wrapper\">Taille maximale :\u00a0<strong>1.98\u00a0m<\/strong>. Poids maximum :\u00a0<strong>90 kg<\/strong>.<\/li>\n<li class=\" eplus-wrapper\">1 seul passager possible \u00e0 bord. Casque audio fourni.<\/li>\n<li class=\" eplus-wrapper\"><strong>Vols simultan\u00e9s possibles<\/strong>\u00a0en patrouille (voir les circuits).<\/li>\n<li class=\" eplus-wrapper\">Les accompagnants sont autoris\u00e9s sur le site.<\/li>\n<li class=\" eplus-wrapper\"><strong>Vol accessible<\/strong>\u00a0aux personnes \u00e0\u00a0<strong>mobilit\u00e9 r\u00e9duite<\/strong>.<\/li>\n<\/ul>\n","protected":false},"featured_media":1317,"template":"","meta":{"inline_featured_image":false,"editor_plus_copied_stylings":"{}","jetpack_publicize_message":"","jetpack_publicize_feature_enabled":true,"jetpack_social_post_already_shared":true,"jetpack_social_options":{"image_generator_settings":{"template":"highway","default_image_id":0,"font":"","enabled":false},"version":2}},"product_brand":[],"product_cat":[19],"product_tag":[],"class_list":{"0":"post-727","1":"product","2":"type-product","3":"status-publish","4":"has-post-thumbnail","6":"product_cat-vol-panoramique","8":"first","9":"instock","10":"virtual","11":"purchasable","12":"product-type-simple"},"jetpack_publicize_connections":[],"jetpack_sharing_enabled":true,"_links":{"self":[{"href":"https:\/\/ulm-larochelle.fr\/index.php\/wp-json\/wp\/v2\/product\/727","targetHints":{"allow":["GET"]}}],"collection":[{"href":"https:\/\/ulm-larochelle.fr\/index.php\/wp-json\/wp\/v2\/product"}],"about":[{"href":"https:\/\/ulm-larochelle.fr\/index.php\/wp-json\/wp\/v2\/types\/product"}],"wp:featuredmedia":[{"embeddable":true,"href":"https:\/\/ulm-larochelle.fr\/index.php\/wp-json\/wp\/v2\/media\/1317"}],"wp:attachment":[{"href":"https:\/\/ulm-larochelle.fr\/index.php\/wp-json\/wp\/v2\/media?parent=727"}],"wp:term":[{"taxonomy":"product_brand","embeddable":true,"href":"https:\/\/ulm-larochelle.fr\/index.php\/wp-json\/wp\/v2\/product_brand?post=727"},{"taxonomy":"product_cat","embeddable":true,"href":"https:\/\/ulm-larochelle.fr\/index.php\/wp-json\/wp\/v2\/product_cat?post=727"},{"taxonomy":"product_tag","embeddable":true,"href":"https:\/\/ulm-larochelle.fr\/index.php\/wp-json\/wp\/v2\/product_tag?post=727"}],"curies":[{"name":"wp","href":"https:\/\/api.w.org\/{rel}","templated":true}]}}