{"id":31,"date":"2022-04-04T22:19:07","date_gmt":"2022-04-04T20:19:07","guid":{"rendered":"http:\/\/ulm-larochelle.fr\/?post_type=product&#038;p=31"},"modified":"2025-01-22T18:47:12","modified_gmt":"2025-01-22T17:47:12","slug":"toujours-plus-fort","status":"publish","type":"product","link":"https:\/\/ulm-larochelle.fr\/index.php\/produit\/toujours-plus-fort\/","title":{"rendered":"5 &#8211; Toujours Plus Fort"},"content":{"rendered":"<h2><strong>Toujours Plus fort !<\/strong><\/h2>\n<p>Envolez-vous dans les cieux charentais et (re)d\u00e9couvrez Fort Boyard ! \u00c0 La Rochelle vous allez rester bouche b\u00e9e devant les magnifiques \u00celes de R\u00e9 et d&rsquo;Ol\u00e9ron. \u00c0 300 m d&rsquo;altitude vous avez la meilleure vue durant votre bapt\u00eame de l&rsquo;air en ULM Autogire !<\/p>\n<p>Lancez-vous dans une balade \u00a0en ULM autogire en<em>\u00a0Nouvelle-Aquitaine<\/em>\u00a0avec survol d&rsquo;un monument l\u00e9gendaire de la t\u00e9l\u00e9vision fran\u00e7aise :\u00a0<em>Fort Boyard<\/em>\u00a0! Vous aurez \u00e9galement la chance d&rsquo;admirer l&rsquo;<em>\u00cele d&rsquo;Ol\u00e9ron<\/em>, l&rsquo;<em>\u00cele de R\u00e9<\/em>\u00a0ou encore la\u00a0<em>Charente<\/em>. Ouvrez grand les yeux et profitez !<\/p>\n<ul>\n<li><strong>Accueil<\/strong> \u00e0 l&rsquo;a\u00e9rodrome de Cour\u00e7on.<\/li>\n<li><strong>Pr\u00e9sentation de l&rsquo;ULM autogire<\/strong>\u00a0(aussi appel\u00e9\u00a0<em>gyrocopt\u00e8re<\/em>) qui est un mod\u00e8le\u00a0<em>10 Eclipse<\/em>\u00a0de la marque<em>\u00a0ELA Aviaci\u00f3n<\/em>\u00a0<em>of C\u00f3rdoba\u00a0<\/em><strong>appr\u00e9ci\u00e9 pour sa maniabilit\u00e9 et son confort peu importe la m\u00e9t\u00e9o gr\u00e2ce \u00e0 son habitacle ferm\u00e9.<\/strong><\/li>\n<li><strong>Embarquement<\/strong>\u00a0imm\u00e9diat ! Vous prenez place en position passager dans l&rsquo;habitacle ferm\u00e9, tandis que votre pilote prend les commandes.<\/li>\n<li>Par\u00e9 au\u00a0<strong>d\u00e9collage<\/strong> ! Le Gyrocopt\u00e8re s&rsquo;\u00e9lance sur la piste et d\u00e9colle au bout de quelques m\u00e8tres.<\/li>\n<li>Une fois que\u00a0<strong>l&rsquo;appareil atteint son altitude de croisi\u00e8re<\/strong>\u00a0vous pouvez admirer les superbes paysages charentais qui d\u00e9filent sous vos pieds.<\/li>\n<li>Votre bapt\u00eame ULM autogire touche \u00e0 sa fin. C&rsquo;est le moment de l&rsquo;<strong>atterrissage<\/strong>\u00a0suivi d&rsquo;un<strong>\u00a0d\u00e9brief<\/strong>\u00a0avec les \u00e9quipes.<\/li>\n<\/ul>\n<h4>Tarif<\/h4>\n<ul>\n<li>Prix compris pour : 1 personne.<\/li>\n<li>Validit\u00e9 : 365 jours.<\/li>\n<li>Paiements : Individuel ou paiement de groupe.<\/li>\n<li>R\u00e9duction : Code Promo, Carte C\u00e9zam.<\/li>\n<li>Option : repartez avec <strong><a href=\"https:\/\/ulm-larochelle.fr\/index.php\/produit\/option-video\/\">Souvenir Film\u00e9<\/a> afin d&rsquo;immortaliser ces moments de Bonheur<\/strong><\/li>\n<\/ul>\n<h4>Description<\/h4>\n<ul>\n<li>D\u00e9couverte de l\u2019Autogire et explication des sp\u00e9cificit\u00e9s de la machine.<\/li>\n<li>Bapt\u00eame de l\u2019air en autogire.<\/li>\n<\/ul>\n<h4 class=\" wp-block-heading eplus-wrapper\">Infos utiles<\/h4>\n<ul class=\" eplus-wrapper eplus-styles-uid-a5bbc5\">\n<li class=\" eplus-wrapper\"><strong>Minimum 10 ans<\/strong>, l\u2019autorisation des parents est demand\u00e9e pour les mineurs.<\/li>\n<li class=\" eplus-wrapper\">Taille maximale :\u00a0<strong>1.98\u00a0m<\/strong>. Poids maximum :\u00a0<strong>90 kg<\/strong>.<\/li>\n<li class=\" eplus-wrapper\">1 seul passager possible \u00e0 bord. Casque audio fourni.<\/li>\n<li class=\" eplus-wrapper\"><strong>Vols simultan\u00e9s possibles<\/strong>\u00a0en patrouille (voir les circuits).<\/li>\n<li class=\" eplus-wrapper\">Les accompagnants sont autoris\u00e9s sur le site.<\/li>\n<li class=\" eplus-wrapper\"><strong>Vol accessible<\/strong>\u00a0aux personnes \u00e0\u00a0<strong>mobilit\u00e9 r\u00e9duite<\/strong>.<\/li>\n<\/ul>\n","protected":false},"excerpt":{"rendered":"<p>Profitez du circuit \u00ab\u00a0<strong>Toujours Plus Fort<\/strong>\u00ab\u00a0<strong>.<\/strong> Vous ressentirez une grande \u00e9motion en survolant le sud de la ville de la Rochelle, vous arrivez sur la <strong>ville<\/strong> <strong>d&rsquo;Angoulins<\/strong> avec ses <a href=\"https:\/\/ulm-larochelle.fr\/index.php\/produit\/les-carrelets\/\" target=\"_blank\" rel=\"noopener\"><strong>carrelets<\/strong><\/a> et la <b>plage de<\/b>\u00a0<strong>Ch\u00e2telaillon<\/strong>, avec <strong>l&rsquo;ile<\/strong> <strong>d&rsquo;Aix <\/strong>en ligne de mire pour arriver en stationnaire sur\u00a0 le <strong>mythique<\/strong> <strong>fort<\/strong> <strong>Boyard (toujours plus fort) sensation unique garantie, de quoi vivre des \u00e9motions <\/strong>au dessus du pertuis d&rsquo;Antioche. Au retour vous d\u00e9couvrirez <strong>Fouras<\/strong> et la <a title=\"r\u00e9serve naturelle d'Yves\" href=\"https:\/\/marais.yves.reserves-naturelles.org\/\" target=\"_blank\" rel=\"noopener\"><strong>r\u00e9serve<\/strong> <strong>naturelle<\/strong> <strong>d&rsquo;Yves<\/strong><\/a>, avec ses grandes dunes et ses prairies qui forment une mosa\u00efque en milieu naturel.<\/p>\n<p>Enfin, avant de revenir, vous surplomberez le <b>Fort Enet et la pointe de la fum\u00e9e, <\/b>l&rsquo;extr\u00e9mit\u00e9 de la presqu&rsquo;ile de Fouras. Cette exp\u00e9rience au-dessus du <strong>Fort Boyard n&rsquo;est \u00e0 rater pour rien<\/strong> au monde, elle vous offrira de <strong>grandes sensations<\/strong> et des souvenirs inoubliables.<\/p>\n","protected":false},"featured_media":2026,"template":"","meta":{"inline_featured_image":false,"editor_plus_copied_stylings":"{}","jetpack_publicize_message":"","jetpack_publicize_feature_enabled":true,"jetpack_social_post_already_shared":false,"jetpack_social_options":{"image_generator_settings":{"template":"highway","default_image_id":0,"font":"","enabled":false},"version":2}},"product_brand":[],"product_cat":[19],"product_tag":[],"class_list":{"0":"post-31","1":"product","2":"type-product","3":"status-publish","4":"has-post-thumbnail","6":"product_cat-vol-panoramique","8":"first","9":"instock","10":"virtual","11":"purchasable","12":"product-type-simple"},"jetpack_publicize_connections":[],"jetpack_sharing_enabled":true,"_links":{"self":[{"href":"https:\/\/ulm-larochelle.fr\/index.php\/wp-json\/wp\/v2\/product\/31","targetHints":{"allow":["GET"]}}],"collection":[{"href":"https:\/\/ulm-larochelle.fr\/index.php\/wp-json\/wp\/v2\/product"}],"about":[{"href":"https:\/\/ulm-larochelle.fr\/index.php\/wp-json\/wp\/v2\/types\/product"}],"wp:featuredmedia":[{"embeddable":true,"href":"https:\/\/ulm-larochelle.fr\/index.php\/wp-json\/wp\/v2\/media\/2026"}],"wp:attachment":[{"href":"https:\/\/ulm-larochelle.fr\/index.php\/wp-json\/wp\/v2\/media?parent=31"}],"wp:term":[{"taxonomy":"product_brand","embeddable":true,"href":"https:\/\/ulm-larochelle.fr\/index.php\/wp-json\/wp\/v2\/product_brand?post=31"},{"taxonomy":"product_cat","embeddable":true,"href":"https:\/\/ulm-larochelle.fr\/index.php\/wp-json\/wp\/v2\/product_cat?post=31"},{"taxonomy":"product_tag","embeddable":true,"href":"https:\/\/ulm-larochelle.fr\/index.php\/wp-json\/wp\/v2\/product_tag?post=31"}],"curies":[{"name":"wp","href":"https:\/\/api.w.org\/{rel}","templated":true}]}}