{"id":30,"date":"2022-04-04T22:16:05","date_gmt":"2022-04-04T20:16:05","guid":{"rendered":"http:\/\/ulm-larochelle.fr\/?post_type=product&#038;p=30"},"modified":"2025-01-22T18:37:55","modified_gmt":"2025-01-22T17:37:55","slug":"les-carrelets","status":"publish","type":"product","link":"https:\/\/ulm-larochelle.fr\/index.php\/produit\/les-carrelets\/","title":{"rendered":"2 &#8211; Les Carrelets"},"content":{"rendered":"<h2>Les Carrelets<\/h2>\n<p>Vous longez la c\u00f4te charentaise avec ses <strong>carrelets<\/strong>, ses petites <strong>cabanes<\/strong> de <strong>p\u00eacheurs<\/strong> perch\u00e9es sur des pilotis en bois. Vous apercevrez la baie\u00a0 de l&rsquo;Aiguillon,\u00a0 le pont de R\u00e9 et profitez d&rsquo;une vue panoramique sur les \u00eeles d&rsquo;Ol\u00e9ron, R\u00e9, Madame et d&rsquo;Aix. Vous terminez par le survol de la cote Rochelaise.<\/p>\n<h4>Tarif<\/h4>\n<ul>\n<li>Prix compris pour : 1 personne.<\/li>\n<li>Validit\u00e9 : 365 jours.<\/li>\n<li>Paiements : Individuel ou paiement de groupe.<\/li>\n<li>R\u00e9duction : Code Promo, Carte C\u00e9zam.<\/li>\n<li>Option : repartez avec <strong><a href=\"https:\/\/ulm-larochelle.fr\/index.php\/produit\/option-video\/\">Souvenir Film\u00e9<\/a> afin d&rsquo;immortaliser ces moments de Bonheur<\/strong><\/li>\n<\/ul>\n<h4>Description<\/h4>\n<ul>\n<li>D\u00e9couverte de l\u2019Autogire et explication des sp\u00e9cificit\u00e9s de la machine.<\/li>\n<li>Bapt\u00eame de l\u2019air en autogire.<\/li>\n<\/ul>\n<h4 class=\" wp-block-heading eplus-wrapper\">Infos utiles<\/h4>\n<ul class=\" eplus-wrapper eplus-styles-uid-a5bbc5\">\n<li class=\" eplus-wrapper\"><strong>Minimum 10 ans<\/strong>, l\u2019autorisation des parents est demand\u00e9e pour les mineurs.<\/li>\n<li class=\" eplus-wrapper\">Taille maximale :\u00a0<strong>1.98\u00a0m<\/strong>. Poids maximum :\u00a0<strong>90 kg<\/strong>.<\/li>\n<li class=\" eplus-wrapper\">1 seul passager possible \u00e0 bord. Casque audio fourni.<\/li>\n<li class=\" eplus-wrapper\"><strong>Vols simultan\u00e9s possibles<\/strong>\u00a0en patrouille (voir les circuits).<\/li>\n<li class=\" eplus-wrapper\">Les accompagnants sont autoris\u00e9s sur le site.<\/li>\n<li class=\" eplus-wrapper\"><strong>Vol accessible<\/strong>\u00a0aux personnes \u00e0\u00a0<strong>mobilit\u00e9 r\u00e9duite<\/strong>.<\/li>\n<\/ul>\n","protected":false},"excerpt":{"rendered":"<p>Ce vol\u00a0 vous am\u00e8nera directement depuis l&rsquo;a\u00e9rodrome de Fontenay-Le-Comte sur les carrelets et vous fait <strong>d\u00e9couvrir<\/strong> la <strong>baie<\/strong> de <strong>l\u2019Aiguillon. <\/strong>Vous apercevrez le long \u00a0de la <strong><a href=\"https:\/\/ulm-larochelle.fr\/index.php\/les-sites-remarquables-sur-votre-parcours\/\">c\u00f4te charentaise des sites remarquables naturel<\/a>s <\/strong>comme, La d\u00e9couverte du <strong>pont<\/strong> de <strong>R\u00e9<\/strong> perch\u00e9 \u00e0 42m au-dessus de l&rsquo;oc\u00e9an qui relie l\u2019\u00eele au continent, vous profiterez alors d&rsquo;un \u00e9poustouflant\u00a0 <strong>panoramique<\/strong> \u00e0 <strong>270\u00b0<\/strong> sur les <a href=\"https:\/\/www.ile-oleron-marennes.com\/\" target=\"_blank\" rel=\"noopener\"><strong>\u00eeles <\/strong><strong>d\u2019Ol\u00e9ron <\/strong><\/a><strong>et<\/strong>\u00a0<strong>de R\u00e9.<\/strong> Vous d\u00e9couvrirez pour terminer la baie Vend\u00e9enne et ses magnifiques plages.<\/p>\n","protected":false},"featured_media":2024,"template":"","meta":{"inline_featured_image":false,"editor_plus_copied_stylings":"{}","jetpack_publicize_message":"","jetpack_publicize_feature_enabled":true,"jetpack_social_post_already_shared":false,"jetpack_social_options":{"image_generator_settings":{"template":"highway","default_image_id":0,"font":"","enabled":false},"version":2}},"product_brand":[],"product_cat":[19],"product_tag":[],"class_list":{"0":"post-30","1":"product","2":"type-product","3":"status-publish","4":"has-post-thumbnail","6":"product_cat-vol-panoramique","8":"first","9":"instock","10":"purchasable","11":"product-type-simple"},"jetpack_publicize_connections":[],"jetpack_sharing_enabled":true,"_links":{"self":[{"href":"https:\/\/ulm-larochelle.fr\/index.php\/wp-json\/wp\/v2\/product\/30","targetHints":{"allow":["GET"]}}],"collection":[{"href":"https:\/\/ulm-larochelle.fr\/index.php\/wp-json\/wp\/v2\/product"}],"about":[{"href":"https:\/\/ulm-larochelle.fr\/index.php\/wp-json\/wp\/v2\/types\/product"}],"wp:featuredmedia":[{"embeddable":true,"href":"https:\/\/ulm-larochelle.fr\/index.php\/wp-json\/wp\/v2\/media\/2024"}],"wp:attachment":[{"href":"https:\/\/ulm-larochelle.fr\/index.php\/wp-json\/wp\/v2\/media?parent=30"}],"wp:term":[{"taxonomy":"product_brand","embeddable":true,"href":"https:\/\/ulm-larochelle.fr\/index.php\/wp-json\/wp\/v2\/product_brand?post=30"},{"taxonomy":"product_cat","embeddable":true,"href":"https:\/\/ulm-larochelle.fr\/index.php\/wp-json\/wp\/v2\/product_cat?post=30"},{"taxonomy":"product_tag","embeddable":true,"href":"https:\/\/ulm-larochelle.fr\/index.php\/wp-json\/wp\/v2\/product_tag?post=30"}],"curies":[{"name":"wp","href":"https:\/\/api.w.org\/{rel}","templated":true}]}}