{"id":28,"date":"2022-04-04T22:06:27","date_gmt":"2022-04-04T20:06:27","guid":{"rendered":"http:\/\/ulm-larochelle.fr\/index.php\/produit\/album\/"},"modified":"2025-01-22T18:36:37","modified_gmt":"2025-01-22T17:36:37","slug":"le-reve-d-icare","status":"publish","type":"product","link":"https:\/\/ulm-larochelle.fr\/index.php\/produit\/le-reve-d-icare\/","title":{"rendered":"1 &#8211; Le R\u00eave d\u2019Icare"},"content":{"rendered":"<h2><strong>Le R\u00eave d&rsquo;Icare<\/strong><\/h2>\n<p>Partez \u00e0 la d\u00e9couverte en d\u00e9collant de Fontenay-Le-Comte pour un survol enchanteresse de la campagne Vend\u00e9enne. Vous pourrez contempler\u00a0<strong>La Magnifique For\u00eat de Mervent<\/strong>, le plus grand massif forestier de Vend\u00e9e\u00a0\u00a0, La for\u00eat de Mervent-Vouvant est travers\u00e9e par une multitude de ruisseaux, et deux rivi\u00e8res (la M\u00e8re au nord, et la Vend\u00e9e au sud) qui se rejoignent sur la commune de Mervent<sup id=\"v1cite_ref-:1_6-0\" class=\"v1reference\"><\/sup>. Trois magnifiques barrages sont construits sur ces deux rivi\u00e8res. autour de cette for\u00eat, vous pourrez admirez des magnifiques demeures et Ch\u00e2teaux.<\/p>\n<h4>Tarif<\/h4>\n<ul>\n<li>Prix compris pour : 1 personne.<\/li>\n<li>Validit\u00e9 : 365 jours.<\/li>\n<li>Paiements : Individuel ou paiement de groupe<\/li>\n<li>Option : repartez avec\u00a0<strong><a href=\"https:\/\/ulm-larochelle.fr\/index.php\/produit\/option-video\/\">Souvenir Film\u00e9<\/a>\u00a0<\/strong><\/li>\n<\/ul>\n<h4>Description<\/h4>\n<ul>\n<li><strong>D\u00e9couverte<\/strong> de l&rsquo;<strong>Autogire<\/strong> et <strong>explication<\/strong> des <strong>sp\u00e9cificit\u00e9s<\/strong> de la <strong>machine<\/strong>.<\/li>\n<li><strong>Bapt\u00eame de l\u2019air en autogire<\/strong>.<\/li>\n<\/ul>\n<h4 class=\" wp-block-heading eplus-wrapper\">Infos utiles<\/h4>\n<ul class=\" eplus-wrapper eplus-styles-uid-a5bbc5\">\n<li class=\" eplus-wrapper\"><strong>Minimum 10 ans<\/strong>, l\u2019autorisation des parents est demand\u00e9e pour les mineurs.<\/li>\n<li class=\" eplus-wrapper\">Taille maximale :\u00a0<strong>1.98\u00a0m<\/strong>. Poids maximum :\u00a0<strong>90 kg<\/strong>.<\/li>\n<li class=\" eplus-wrapper\">1 seul passager possible \u00e0 bord. Casque audio fourni.<\/li>\n<li class=\" eplus-wrapper\"><strong>Vols simultan\u00e9s possibles<\/strong>\u00a0en patrouille (voir les circuits).<\/li>\n<li class=\" eplus-wrapper\">Les accompagnants sont autoris\u00e9s sur le site.<\/li>\n<li class=\" eplus-wrapper\"><strong>Vol accessible<\/strong>\u00a0aux personnes \u00e0\u00a0<strong>mobilit\u00e9 r\u00e9duite<\/strong>.<\/li>\n<\/ul>\n","protected":false},"excerpt":{"rendered":"<p><strong>Le <a href=\"https:\/\/fr.wikipedia.org\/wiki\/Le_R%C3%AAve_d%27Icare\" target=\"_blank\" rel=\"noopener\">R\u00eave d&rsquo;Icare<\/a> c&rsquo;est la d\u00e9couverte<\/strong>\u00a0 du vol magique en <a href=\"https:\/\/ulm-larochelle.fr\/index.php\/le-gyrocoptere\/\"><strong>Autogire<\/strong><\/a> et explications des <strong>sp\u00e9cificit\u00e9s<\/strong> de la machine.<\/p>\n<p><strong>Bapt\u00eame<\/strong> de <strong>l&rsquo;air<\/strong> en <strong>autogire<\/strong>.<br \/>\nCircuit dans la campagne vend\u00e9ene , d\u00e9couverte de la for\u00eat domaniale de <strong>Mervent \u00a0<\/strong>, <strong>survol<\/strong> des lacs et barrages et du plus grand massif forestier de Vend\u00e9e, vous pourrez\u00a0 d\u00e9couvrir \u00e0 perte de vue les diff\u00e9rents sites remarquables\u00a0 La Rochelle, La baie d&rsquo;aiguillon &#8230;<\/p>\n","protected":false},"featured_media":340,"template":"","meta":{"inline_featured_image":false,"editor_plus_copied_stylings":"{}","jetpack_publicize_message":"","jetpack_publicize_feature_enabled":true,"jetpack_social_post_already_shared":false,"jetpack_social_options":{"image_generator_settings":{"template":"highway","default_image_id":0,"font":"","enabled":false},"version":2}},"product_brand":[],"product_cat":[19],"product_tag":[32],"class_list":{"0":"post-28","1":"product","2":"type-product","3":"status-publish","4":"has-post-thumbnail","6":"product_cat-vol-panoramique","7":"product_tag-le-reve-dicare","9":"first","10":"instock","11":"featured","12":"virtual","13":"purchasable","14":"product-type-simple"},"jetpack_publicize_connections":[],"jetpack_sharing_enabled":true,"_links":{"self":[{"href":"https:\/\/ulm-larochelle.fr\/index.php\/wp-json\/wp\/v2\/product\/28","targetHints":{"allow":["GET"]}}],"collection":[{"href":"https:\/\/ulm-larochelle.fr\/index.php\/wp-json\/wp\/v2\/product"}],"about":[{"href":"https:\/\/ulm-larochelle.fr\/index.php\/wp-json\/wp\/v2\/types\/product"}],"wp:featuredmedia":[{"embeddable":true,"href":"https:\/\/ulm-larochelle.fr\/index.php\/wp-json\/wp\/v2\/media\/340"}],"wp:attachment":[{"href":"https:\/\/ulm-larochelle.fr\/index.php\/wp-json\/wp\/v2\/media?parent=28"}],"wp:term":[{"taxonomy":"product_brand","embeddable":true,"href":"https:\/\/ulm-larochelle.fr\/index.php\/wp-json\/wp\/v2\/product_brand?post=28"},{"taxonomy":"product_cat","embeddable":true,"href":"https:\/\/ulm-larochelle.fr\/index.php\/wp-json\/wp\/v2\/product_cat?post=28"},{"taxonomy":"product_tag","embeddable":true,"href":"https:\/\/ulm-larochelle.fr\/index.php\/wp-json\/wp\/v2\/product_tag?post=28"}],"curies":[{"name":"wp","href":"https:\/\/api.w.org\/{rel}","templated":true}]}}