{"id":685,"date":"2022-06-01T09:59:48","date_gmt":"2022-06-01T07:59:48","guid":{"rendered":"http:\/\/ulm-larochelle.fr\/?page_id=685"},"modified":"2023-01-31T12:05:11","modified_gmt":"2023-01-31T11:05:11","slug":"les-sites-remarquables-sur-votre-parcours","status":"publish","type":"page","link":"https:\/\/ulm-larochelle.fr\/index.php\/les-sites-remarquables-sur-votre-parcours\/","title":{"rendered":"Les sites remarquables naturels sur votre parcours"},"content":{"rendered":"<div id=\"ulr-banniere\" class=\"ulr-banniere wp-block-group eplus-wrapper is-layout-flow wp-block-group-is-layout-flow eplus-styles-uid-160d4a\"><h2 class=\"edplus_anim-QVcUZq eplus-wrapper wp-block-heading eplus-styles-uid-a978a8\">Les sites remarquables naturels sur votre parcours<\/h2><\/div>\n\n\n<p class=\" eplus-wrapper\"><strong>Mettez le Cap sur la c\u00f4te atlantique et ses tr\u00e9sors avec notre s\u00e9lection des 14 sites remarquables naturels incontournables et d\u00e9paysants du littoral charentais !<\/strong><\/p>\n\n\n\n<figure id=\"sites-remarquables\" class=\"wp-block-table eplus-wrapper\"><table><tbody><tr><td>Circuits\/Sites<\/td><td>Fort Boyard<\/td><td>Ile Madame<\/td><td>Pont de R\u00e9<\/td><td>Phare<br>des Baleines<\/td><td>St Martin de R\u00e9<\/td><td>Les Carrelets<\/td><td>Phare de<br>Chassiron<\/td><td>Presqu&rsquo;ile<br>de Fouras<\/td><td>Ile d&rsquo;Aix<\/td><td>Boyard ville<\/td><td>Citadelle<br>de Brouage<\/td><td>La Corderie<br>Royale<\/td><td>Fort Enet<\/td><td>Phare du<br>bout du<br>monde<\/td><td>Pont transbordeur<\/td><td>La Baie de l&rsquo;Aiguillon<\/td><\/tr><tr><td><a href=\"http:\/\/ulm-larochelle.fr\/index.php\/produit\/les-carrelets\">Les carrelets<\/a><\/td><td><\/td><td><\/td><td>\u2714<\/td><td><\/td><td><\/td><td>\u2714<\/td><td><\/td><td><\/td><td><\/td><td><\/td><td><\/td><td><\/td><td><\/td><td><\/td><td><\/td><td>\u2714<\/td><\/tr><tr><td><a href=\"http:\/\/ulm-larochelle.fr\/index.php\/produit\/le-marais-poitevin\">Le Marais Poitevin<\/a>\n\t\t\t\t<\/td><td><\/td><td><\/td><td>\u2714<\/td><td><\/td><td><\/td><td>\u2714<\/td><td><\/td><td><\/td><td><\/td><td><\/td><td><\/td><td><\/td><td><\/td><td><\/td><td><\/td><td>\u2714<\/td><\/tr><tr><td><a href=\"http:\/\/ulm-larochelle.fr\/index.php\/produit\/du-pertuis-a-lile-de-re\">Les pertuis de R\u00e9<\/a><\/td><td><\/td><td><\/td><td>\u2714<\/td><td>\u2714<\/td><td>\u2714<\/td><td><\/td><td><\/td><td><\/td><td><\/td><td><\/td><td><\/td><td><\/td><td><\/td><td>\u2714<\/td><td><\/td><td><\/td><\/tr><tr><td><a href=\"http:\/\/ulm-larochelle.fr\/index.php\/produit\/toujours-plus-fort\">Toujours plus Fort<\/a><\/td><td>\u2714<\/td><td><\/td><td>\u2714<\/td><td><\/td><td><\/td><td>\u2714<\/td><td><\/td><td>\u2714<\/td><td>\u2714<\/td><td><\/td><td><\/td><td><\/td><td>\u2714<\/td><td>\u2714<\/td><td><\/td><td><\/td><\/tr><tr><td><a href=\"http:\/\/ulm-larochelle.fr\/index.php\/produit\/les-traces-de-vauban\">Les traces de Vauban<\/a><\/td><td>\u2714<\/td><td>\u2714<\/td><td>\u2714<\/td><td><\/td><td><\/td><td>\u2714<\/td><td><\/td><td>\u2714<\/td><td>\u2714<\/td><td>\u2714<\/td><td>\u2714<\/td><td>\u2714<\/td><td>\u2714<\/td><td>\u2714<\/td><td>\u2714<\/td><td><\/td><\/tr><tr><td><a href=\"http:\/\/ulm-larochelle.fr\/index.php\/produit\/circuit-oleron-vauban\">Ol\u00e9ron et Vauban<\/a><\/td><td>\u2714<\/td><td>\u2714<\/td><td>\u2714<\/td><td><\/td><td><\/td><td>\u2714<\/td><td>\u2714<\/td><td>\u2714<\/td><td>\u2714<\/td><td>\u2714<\/td><td>\u2714<\/td><td>\u2714<\/td><td>\u2714<\/td><td>\u2714<\/td><td>\u2714<\/td><td><\/td><\/tr><tr><td><a href=\"http:\/\/ulm-larochelle.fr\/index.php\/produit\/la-baie-vendeenne\">La baie Vend\u00e9enne<\/a>\n\t\t\t\t<\/td><td>\u2714<\/td><td>\u2714<\/td><td>\u2714<\/td><td>\u2714<\/td><td>\u2714<\/td><td>\u2714<\/td><td><\/td><td><\/td><td><\/td><td><\/td><td><\/td><td><\/td><td><\/td><td><\/td><td><\/td><td>\u2714<\/td><\/tr><tr><td><a href=\"http:\/\/ulm-larochelle.fr\/index.php\/produit\/le-reve-d-icare\">Le r\u00eave d&rsquo;Icare<\/a><\/td><td><\/td><td><\/td><td>\u2714<\/td><td><\/td><td><\/td><td><\/td><td><\/td><td><\/td><td><\/td><td><\/td><td><\/td><td><\/td><td><\/td><td>\u2714<\/td><td><\/td><td><\/td><\/tr><\/tbody><\/table><\/figure>\n","protected":false},"excerpt":{"rendered":"<p>Les sites remarquables naturels sur votre parcours Mettez le Cap sur la c\u00f4te atlantique et ses tr\u00e9sors avec notre s\u00e9lection des 14 sites remarquables naturels incontournables et d\u00e9paysants du littoral charentais ! Circuits\/Sites Fort Boyard Ile Madame Pont de R\u00e9 Pharedes Baleines St Martin de R\u00e9 Les Carrelets Phare deChassiron Presqu&rsquo;ilede Fouras Ile d&rsquo;Aix Boyard [&hellip;]<\/p>\n","protected":false},"author":1,"featured_media":0,"parent":0,"menu_order":0,"comment_status":"closed","ping_status":"closed","template":"","meta":{"inline_featured_image":false,"editor_plus_copied_stylings":"{}","footnotes":""},"class_list":["post-685","page","type-page","status-publish","hentry"],"jetpack_sharing_enabled":true,"_links":{"self":[{"href":"https:\/\/ulm-larochelle.fr\/index.php\/wp-json\/wp\/v2\/pages\/685","targetHints":{"allow":["GET"]}}],"collection":[{"href":"https:\/\/ulm-larochelle.fr\/index.php\/wp-json\/wp\/v2\/pages"}],"about":[{"href":"https:\/\/ulm-larochelle.fr\/index.php\/wp-json\/wp\/v2\/types\/page"}],"author":[{"embeddable":true,"href":"https:\/\/ulm-larochelle.fr\/index.php\/wp-json\/wp\/v2\/users\/1"}],"replies":[{"embeddable":true,"href":"https:\/\/ulm-larochelle.fr\/index.php\/wp-json\/wp\/v2\/comments?post=685"}],"version-history":[{"count":34,"href":"https:\/\/ulm-larochelle.fr\/index.php\/wp-json\/wp\/v2\/pages\/685\/revisions"}],"predecessor-version":[{"id":2530,"href":"https:\/\/ulm-larochelle.fr\/index.php\/wp-json\/wp\/v2\/pages\/685\/revisions\/2530"}],"wp:attachment":[{"href":"https:\/\/ulm-larochelle.fr\/index.php\/wp-json\/wp\/v2\/media?parent=685"}],"curies":[{"name":"wp","href":"https:\/\/api.w.org\/{rel}","templated":true}]}}