{"id":677,"date":"2022-06-01T09:37:33","date_gmt":"2022-06-01T07:37:33","guid":{"rendered":"https:\/\/ulm-larochelle.fr\/?page_id=677"},"modified":"2023-01-31T11:44:45","modified_gmt":"2023-01-31T10:44:45","slug":"gyrocoptere-autogire","status":"publish","type":"page","link":"https:\/\/ulm-larochelle.fr\/index.php\/gyrocoptere-autogire\/","title":{"rendered":"L&rsquo;histoire du gyrocopt\u00e8re"},"content":{"rendered":"<div id=\"ulr-banniere\" class=\"ulr-banniere wp-block-group eplus-wrapper is-layout-flow wp-block-group-is-layout-flow eplus-styles-uid-5f36d2\"><h2 class=\"edplus_anim-wiXLSJ eplus-wrapper wp-block-heading eplus-styles-uid-77bd14\">L&rsquo;histoire du gyrocopt\u00e8re<\/h2><\/div>\n\n\n<div class=\"ext ext-my-0 editor:no-inserter ext-p-0 wp-block-group alignfull eplus-wrapper is-layout-constrained wp-block-group-is-layout-constrained\"><\/div>\n\n\n\n<div class=\"wp-block-group eplus-wrapper is-layout-flow wp-block-group-is-layout-flow\">\n<h3 class=\"eplus-wrapper wp-block-heading\">Comprendre le fonctionnement de l&rsquo;autogire\/gyrocopt\u00e8re!<\/h3>\n\n\n\n<p class=\" eplus-wrapper\">L\u2019<a href=\"https:\/\/fr.wikipedia.org\/wiki\/Autogire\" target=\"_blank\" rel=\"noopener\">autogire<\/a> (parfois \u00e9crit autogyre, gyrocopt\u00e8re ou gyroplane) est un a\u00e9ronef dont la voilure tournante et libre assure la sustentation. La propulsion est assur\u00e9e par une h\u00e9lice entra\u00een\u00e9e par un moteur.<\/p>\n\n\n\n<figure class=\"wp-block-image size-full eplus-wrapper\"><img data-recalc-dims=\"1\" loading=\"lazy\" decoding=\"async\" width=\"600\" height=\"189\" data-attachment-id=\"513\" data-permalink=\"https:\/\/ulm-larochelle.fr\/autogire-vs-helicoptere\/\" data-orig-file=\"https:\/\/i0.wp.com\/ulm-larochelle.fr\/wp-content\/uploads\/2022\/05\/autogire-vs-helicoptere.jpg?fit=600%2C189&amp;ssl=1\" data-orig-size=\"600,189\" data-comments-opened=\"1\" data-image-meta=\"{&quot;aperture&quot;:&quot;0&quot;,&quot;credit&quot;:&quot;&quot;,&quot;camera&quot;:&quot;&quot;,&quot;caption&quot;:&quot;&quot;,&quot;created_timestamp&quot;:&quot;0&quot;,&quot;copyright&quot;:&quot;&quot;,&quot;focal_length&quot;:&quot;0&quot;,&quot;iso&quot;:&quot;0&quot;,&quot;shutter_speed&quot;:&quot;0&quot;,&quot;title&quot;:&quot;&quot;,&quot;orientation&quot;:&quot;0&quot;}\" data-image-title=\"autogire-vs-helicoptere\" data-image-description=\"&lt;p&gt;L&amp;rsquo;autogire (gyrocopt\u00e8re) et son h\u00e9lice en auto-rotation. &lt;\/p&gt;\n\" data-image-caption=\"&lt;p&gt;autogire versus h\u00e9licopt\u00e8re&lt;\/p&gt;\n\" data-large-file=\"https:\/\/i0.wp.com\/ulm-larochelle.fr\/wp-content\/uploads\/2022\/05\/autogire-vs-helicoptere.jpg?fit=600%2C189&amp;ssl=1\" src=\"https:\/\/i0.wp.com\/ulm-larochelle.fr\/wp-content\/uploads\/2022\/05\/autogire-vs-helicoptere.jpg?resize=600%2C189\" alt=\"\" class=\"wp-image-513\" srcset=\"https:\/\/i0.wp.com\/ulm-larochelle.fr\/wp-content\/uploads\/2022\/05\/autogire-vs-helicoptere.jpg?w=600&amp;ssl=1 600w, https:\/\/i0.wp.com\/ulm-larochelle.fr\/wp-content\/uploads\/2022\/05\/autogire-vs-helicoptere.jpg?resize=300%2C95&amp;ssl=1 300w\" sizes=\"auto, (max-width: 600px) 100vw, 600px\" \/><figcaption class=\"wp-element-caption\">Le gyrocopt\u00e8re ou autogire versus h\u00e9licopt\u00e8re<\/figcaption><\/figure>\n\n\n\n<p class=\" eplus-wrapper\">Invent\u00e9 en 1923 par l\u2019Espagnol <a href=\"https:\/\/fr.wikipedia.org\/wiki\/Juan_de_la_Cierva_y_Codorn%C3%ADu\" target=\"_blank\" rel=\"noopener\">Juan de La Cierva<\/a>, ce concept a connu un essor important dans les ann\u00e9es 1930.<br>En France, il fait partie des <strong>ULM (ultral\u00e9gers motoris\u00e9s)<\/strong>. C\u2019est <strong>l\u2019anc\u00eatre de l\u2019h\u00e9licopt\u00e8re.<\/strong><\/p>\n\n\n\n<figure class=\"wp-block-image size-large eplus-wrapper\"><img decoding=\"async\" src=\"https:\/\/upload.wikimedia.org\/wikipedia\/commons\/c\/c9\/Autogyro_at_Farnborough%2C_1925_%28Our_Generation%2C_1938%29.jpg\" alt=\"\"\/><figcaption class=\"wp-element-caption\">Le gyrocopt\u00e8re ou autogire C-6 de Juan de la Cierva (1925) \u00a9 Wikipedia<\/figcaption><\/figure>\n\n\n\n<iframe loading=\"lazy\" src=\"https:\/\/www.youtube.com\/embed\/PbalOh4smnM\" title=\"Juan de le Cierva, pionniers de l'\u00e2ge d'or\" allow=\"accelerometer; autoplay; clipboard-write; encrypted-media; gyroscope; picture-in-picture\" allowfullscreen=\"\" width=\"100%\" height=\"315\" frameborder=\"0\"><\/iframe>\n<\/div>\n\n\n\n<div class=\"wp-block-group eplus-wrapper is-layout-flow wp-block-group-is-layout-flow\">\n<h3 class=\"eplus-wrapper wp-block-heading\">Une machine tr\u00e8s s\u00fbre!<\/h3>\n\n\n\n<figure class=\"wp-block-image size-full eplus-wrapper\"><img data-recalc-dims=\"1\" loading=\"lazy\" decoding=\"async\" width=\"531\" height=\"354\" data-attachment-id=\"683\" data-permalink=\"https:\/\/ulm-larochelle.fr\/index.php\/gyrocoptere-autogire\/autogire-ela-10-eclipse-blue-line-1\/\" data-orig-file=\"https:\/\/i0.wp.com\/ulm-larochelle.fr\/wp-content\/uploads\/2022\/06\/autogire-ELA-10-Eclipse-Blue-line-1.jpg?fit=531%2C354&amp;ssl=1\" data-orig-size=\"531,354\" data-comments-opened=\"1\" data-image-meta=\"{&quot;aperture&quot;:&quot;0&quot;,&quot;credit&quot;:&quot;&quot;,&quot;camera&quot;:&quot;&quot;,&quot;caption&quot;:&quot;&quot;,&quot;created_timestamp&quot;:&quot;0&quot;,&quot;copyright&quot;:&quot;&quot;,&quot;focal_length&quot;:&quot;0&quot;,&quot;iso&quot;:&quot;0&quot;,&quot;shutter_speed&quot;:&quot;0&quot;,&quot;title&quot;:&quot;&quot;,&quot;orientation&quot;:&quot;0&quot;}\" data-image-title=\"autogire-Eclipse-ELA-10-Blue-line-1\" data-image-description=\"\" data-image-caption=\"&lt;p&gt;L&amp;rsquo;autogire Eclipse de La Rochelle&lt;\/p&gt;\n\" data-large-file=\"https:\/\/i0.wp.com\/ulm-larochelle.fr\/wp-content\/uploads\/2022\/06\/autogire-ELA-10-Eclipse-Blue-line-1.jpg?fit=531%2C354&amp;ssl=1\" src=\"https:\/\/i0.wp.com\/ulm-larochelle.fr\/wp-content\/uploads\/2022\/06\/autogire-ELA-10-Eclipse-Blue-line-1.jpg?resize=531%2C354\" alt=\"\" class=\"wp-image-683\" srcset=\"https:\/\/i0.wp.com\/ulm-larochelle.fr\/wp-content\/uploads\/2022\/06\/autogire-ELA-10-Eclipse-Blue-line-1.jpg?w=531&amp;ssl=1 531w, https:\/\/i0.wp.com\/ulm-larochelle.fr\/wp-content\/uploads\/2022\/06\/autogire-ELA-10-Eclipse-Blue-line-1.jpg?resize=300%2C200&amp;ssl=1 300w\" sizes=\"auto, (max-width: 531px) 100vw, 531px\" \/><figcaption class=\"wp-element-caption\">L&rsquo;autogire Eclipse de La Rochelle<\/figcaption><\/figure>\n\n\n\n<p class=\" eplus-wrapper\">Lorsque vous \u00e9tiez enfant, il vous est s\u00fbrement arriv\u00e9 de lancer ces <strong>graines de<\/strong> <strong>sycomore<\/strong>, et de vous amuser \u00e0 les voir doucement retomber en tournoyant\u2026 quelque que soit la force et la mani\u00e8re dont vous les avez jet\u00e9es\u2026.<br>Aussi surprenant que cela puisse para\u00eetre, <strong>l&rsquo;autogire fonctionne de la m\u00eame mani\u00e8re.<\/strong><\/p>\n\n\n\n<blockquote class=\"wp-block-quote eplus-wrapper is-layout-flow wp-block-quote-is-layout-flow\">\n<p class=\" eplus-wrapper\">Les autogires <strong>ne d\u00e9crochent pas<\/strong>, ils ne peuvent pas perdre brutalement leur portance. Ils ne peuvent pas non plus partir en vrille car la vrille survient lorsqu\u2019une aile d\u00e9croche.<\/p>\n<\/blockquote>\n\n\n\n<p class=\" eplus-wrapper\">Comme les autres <strong>cat\u00e9gories d\u2019ULM<\/strong>, les autogires sont d\u00e9sormais con\u00e7us par des ing\u00e9nieurs a\u00e9ronautiques et <strong>produits en s\u00e9rie dans des usines sp\u00e9cialis\u00e9es<\/strong>. Les pilotes, quant \u00e0 eux, disposent d\u2019une <a href=\"https:\/\/ulm-larochelle.fr\/index.php\/formation-au-pilotage-de-lautogire\/\" data-type=\"page\" data-id=\"44\"><strong>vraie formation adapt\u00e9e<\/strong> aux sp\u00e9cificit\u00e9s de la discipline<\/a>. L\u2019\u00e8re des joyeux fous volants est donc bien r\u00e9volue et les autogires sont de plus en plus en vogue. Ils sont principalement utilis\u00e9s pour les loisirs, mais commencent aussi \u00e0 trouver des applications en <strong>travail a\u00e9rien<\/strong> (surveillance polici\u00e8re, contr\u00f4le des lignes \u00e9lectriques, pulv\u00e9risation agricole, etc\u2026).<\/p>\n<\/div>\n","protected":false},"excerpt":{"rendered":"<p>Anc\u00eatre de l\u2019h\u00e9licopt\u00e8re, l&rsquo;autogire ou gyrocopt\u00e8re est un ULM particuli\u00e8rement maniable et s\u00fbr.<\/p>\n","protected":false},"author":1,"featured_media":0,"parent":0,"menu_order":0,"comment_status":"closed","ping_status":"closed","template":"","meta":{"inline_featured_image":false,"editor_plus_copied_stylings":"{}","footnotes":""},"class_list":["post-677","page","type-page","status-publish","hentry"],"jetpack_sharing_enabled":true,"_links":{"self":[{"href":"https:\/\/ulm-larochelle.fr\/index.php\/wp-json\/wp\/v2\/pages\/677","targetHints":{"allow":["GET"]}}],"collection":[{"href":"https:\/\/ulm-larochelle.fr\/index.php\/wp-json\/wp\/v2\/pages"}],"about":[{"href":"https:\/\/ulm-larochelle.fr\/index.php\/wp-json\/wp\/v2\/types\/page"}],"author":[{"embeddable":true,"href":"https:\/\/ulm-larochelle.fr\/index.php\/wp-json\/wp\/v2\/users\/1"}],"replies":[{"embeddable":true,"href":"https:\/\/ulm-larochelle.fr\/index.php\/wp-json\/wp\/v2\/comments?post=677"}],"version-history":[{"count":26,"href":"https:\/\/ulm-larochelle.fr\/index.php\/wp-json\/wp\/v2\/pages\/677\/revisions"}],"predecessor-version":[{"id":2512,"href":"https:\/\/ulm-larochelle.fr\/index.php\/wp-json\/wp\/v2\/pages\/677\/revisions\/2512"}],"wp:attachment":[{"href":"https:\/\/ulm-larochelle.fr\/index.php\/wp-json\/wp\/v2\/media?parent=677"}],"curies":[{"name":"wp","href":"https:\/\/api.w.org\/{rel}","templated":true}]}}