{"id":625,"date":"2022-05-19T08:00:33","date_gmt":"2022-05-19T06:00:33","guid":{"rendered":"http:\/\/ulm-larochelle.fr\/?page_id=625"},"modified":"2023-02-01T12:28:24","modified_gmt":"2023-02-01T11:28:24","slug":"calendrier-des-vols-en-autogire","status":"publish","type":"page","link":"https:\/\/ulm-larochelle.fr\/index.php\/calendrier-des-vols-en-autogire\/","title":{"rendered":"Calendrier des vols en autogire"},"content":{"rendered":"<div id=\"ulr-banniere\" class=\"ulr-banniere wp-block-group eplus-wrapper is-layout-flow wp-block-group-is-layout-flow eplus-styles-uid-3f7040\"><h2 class=\"edplus_anim-l2blqY eplus-wrapper wp-block-heading eplus-styles-uid-a978a8\">Calendrier des vols en autogire<\/h2><\/div>\n\n\n<p class=\" eplus-wrapper\"><strong>Choisissez la date<\/strong> et <strong>l&rsquo;heure<\/strong> de votre vol en fonction du <strong>planning <\/strong>des <strong>r\u00e9servations<\/strong>. profitez de <strong>bapt\u00eame de l&rsquo;air<\/strong> \u00e0 La Rochelle !<\/p>\n\n\n<div class=\"wp-block-jetpack-google-calendar\"><iframe loading=\"lazy\" src=\"https:\/\/calendar.google.com\/calendar\/embed?src=ulmlarochelle%40gmail.com&#038;ctz=Europe%2FParis\" frameborder=\"0\" style=\"border:0\" scrolling=\"no\" height=\"600\" width=\"100%\" sandbox=\"allow-scripts allow-same-origin allow-popups\"><\/iframe><\/div>","protected":false},"excerpt":{"rendered":"<p>Calendrier des vols en autogire Choisissez la date et l&rsquo;heure de votre vol en fonction du planning des r\u00e9servations. profitez de bapt\u00eame de l&rsquo;air \u00e0 La Rochelle !<\/p>\n","protected":false},"author":1,"featured_media":0,"parent":0,"menu_order":0,"comment_status":"closed","ping_status":"closed","template":"","meta":{"inline_featured_image":false,"editor_plus_copied_stylings":"{}","footnotes":""},"class_list":["post-625","page","type-page","status-publish","hentry"],"jetpack_sharing_enabled":true,"_links":{"self":[{"href":"https:\/\/ulm-larochelle.fr\/index.php\/wp-json\/wp\/v2\/pages\/625","targetHints":{"allow":["GET"]}}],"collection":[{"href":"https:\/\/ulm-larochelle.fr\/index.php\/wp-json\/wp\/v2\/pages"}],"about":[{"href":"https:\/\/ulm-larochelle.fr\/index.php\/wp-json\/wp\/v2\/types\/page"}],"author":[{"embeddable":true,"href":"https:\/\/ulm-larochelle.fr\/index.php\/wp-json\/wp\/v2\/users\/1"}],"replies":[{"embeddable":true,"href":"https:\/\/ulm-larochelle.fr\/index.php\/wp-json\/wp\/v2\/comments?post=625"}],"version-history":[{"count":13,"href":"https:\/\/ulm-larochelle.fr\/index.php\/wp-json\/wp\/v2\/pages\/625\/revisions"}],"predecessor-version":[{"id":2563,"href":"https:\/\/ulm-larochelle.fr\/index.php\/wp-json\/wp\/v2\/pages\/625\/revisions\/2563"}],"wp:attachment":[{"href":"https:\/\/ulm-larochelle.fr\/index.php\/wp-json\/wp\/v2\/media?parent=625"}],"curies":[{"name":"wp","href":"https:\/\/api.w.org\/{rel}","templated":true}]}}