{"id":23,"date":"2022-04-04T17:27:56","date_gmt":"2022-04-04T15:27:56","guid":{"rendered":"http:\/\/ulm-larochelle.fr\/index.php\/panier\/"},"modified":"2025-07-16T15:48:33","modified_gmt":"2025-07-16T13:48:33","slug":"panier","status":"publish","type":"page","link":"https:\/\/ulm-larochelle.fr\/index.php\/panier\/","title":{"rendered":"Panier"},"content":{"rendered":"\n<div data-block-name=\"woocommerce\/cart\" class=\"wp-block-woocommerce-cart is-loading\">\n<div data-block-name=\"woocommerce\/filled-cart-block\" class=\"wp-block-woocommerce-filled-cart-block\">\n<div data-block-name=\"woocommerce\/cart-items-block\" class=\"wp-block-woocommerce-cart-items-block\">\n<div data-block-name=\"woocommerce\/cart-line-items-block\" class=\"wp-block-woocommerce-cart-line-items-block\"><\/div>\n\n\n\n<hr class=\"wp-block-separator has-alpha-channel-opacity eplus-wrapper\"\/>\n\n\n\n<p class=\" eplus-wrapper\">La date de la r\u00e9servation souhait\u00e9e est \u00e0 indiquer lors de la commande.<\/p>\n\n\n\n<hr class=\"wp-block-separator has-alpha-channel-opacity eplus-wrapper\"\/>\n<\/div>\n\n\n\n<div data-block-name=\"woocommerce\/cart-totals-block\" class=\"wp-block-woocommerce-cart-totals-block\">\n<div data-block-name=\"woocommerce\/cart-order-summary-block\" class=\"wp-block-woocommerce-cart-order-summary-block\">\n<div data-block-name=\"woocommerce\/cart-order-summary-heading-block\" data-content=\"Total panier\" class=\"wp-block-woocommerce-cart-order-summary-heading-block\"><\/div><div data-block-name=\"woocommerce\/cart-order-summary-coupon-form-block\" class=\"wp-block-woocommerce-cart-order-summary-coupon-form-block\"><\/div><div data-block-name=\"woocommerce\/cart-order-summary-totals-block\" class=\"wp-block-woocommerce-cart-order-summary-totals-block\">\n<div data-block-name=\"woocommerce\/cart-order-summary-subtotal-block\" class=\"wp-block-woocommerce-cart-order-summary-subtotal-block\"><\/div>\n<div data-block-name=\"woocommerce\/cart-order-summary-discount-block\" class=\"wp-block-woocommerce-cart-order-summary-discount-block\"><\/div>\n<div data-block-name=\"woocommerce\/cart-order-summary-fee-block\" class=\"wp-block-woocommerce-cart-order-summary-fee-block\"><\/div>\n<div data-block-name=\"woocommerce\/cart-order-summary-shipping-block\" class=\"wp-block-woocommerce-cart-order-summary-shipping-block\"><\/div>\n<div data-block-name=\"woocommerce\/cart-order-summary-taxes-block\" class=\"wp-block-woocommerce-cart-order-summary-taxes-block\"><\/div><\/div>\n<\/div>\n\n\n\n<div data-block-name=\"woocommerce-paypal-payments\/cart-paylater-messages\" data-pp-placement=\"cart\" data-pp-style-layout=\"text\" data-pp-style-logo-position=\"left\" data-pp-style-logo-type=\"primary\" data-pp-style-text-color=\"black\" data-pp-style-text-size=\"12\" id=\"ppcp-cart-paylater-messages\" class=\"ppcp-messages\" data-partner-attribution-id=\"Woo_PPCP\"><\/div><div data-block-name=\"woocommerce\/cart-express-payment-block\" class=\"wp-block-woocommerce-cart-express-payment-block\"><\/div>\n\n\n\n<div data-block-name=\"woocommerce\/proceed-to-checkout-block\" class=\"wp-block-woocommerce-proceed-to-checkout-block\"><\/div>\n\n\n\n<div data-block-name=\"woocommerce\/cart-accepted-payment-methods-block\" class=\"wp-block-woocommerce-cart-accepted-payment-methods-block\"><\/div>\n<\/div>\n<\/div>\n\n\n\n<div data-block-name=\"woocommerce\/empty-cart-block\" class=\"wp-block-woocommerce-empty-cart-block\">\n<figure class=\"wp-block-image aligncenter size-small eplus-wrapper\"><img decoding=\"async\" src=\"data:image\/svg+xml;base64,PHN2ZyB3aWR0aD0iMzgiIGhlaWdodD0iMzgiIHZpZXdCb3g9IjAgMCAzOCAzOCIgZmlsbD0ibm9uZSIgeG1sbnM9Imh0dHA6Ly93d3cudzMub3JnLzIwMDAvc3ZnIj4KPHBhdGggZD0iTTE5IDBDOC41MDQwMyAwIDAgOC41MDQwMyAwIDE5QzAgMjkuNDk2IDguNTA0MDMgMzggMTkgMzhDMjkuNDk2IDM4IDM4IDI5LjQ5NiAzOCAxOUMzOCA4LjUwNDAzIDI5LjQ5NiAwIDE5IDBaTTI1LjEyOSAxMi44NzFDMjYuNDg1MSAxMi44NzEgMjcuNTgwNiAxMy45NjY1IDI3LjU4MDYgMTUuMzIyNkMyNy41ODA2IDE2LjY3ODYgMjYuNDg1MSAxNy43NzQyIDI1LjEyOSAxNy43NzQyQzIzLjc3MyAxNy43NzQyIDIyLjY3NzQgMTYuNjc4NiAyMi42Nzc0IDE1LjMyMjZDMjIuNjc3NCAxMy45NjY1IDIzLjc3MyAxMi44NzEgMjUuMTI5IDEyLjg3MVpNMTEuNjQ1MiAzMS4yNTgxQzkuNjE0OTIgMzEuMjU4MSA3Ljk2Nzc0IDI5LjY0OTIgNy45Njc3NCAyNy42NTczQzcuOTY3NzQgMjYuMTI1IDEwLjE1MTIgMjMuMDI5OCAxMS4xNTQ4IDIxLjY5NjhDMTEuNCAyMS4zNjczIDExLjg5MDMgMjEuMzY3MyAxMi4xMzU1IDIxLjY5NjhDMTMuMTM5MSAyMy4wMjk4IDE1LjMyMjYgMjYuMTI1IDE1LjMyMjYgMjcuNjU3M0MxNS4zMjI2IDI5LjY0OTIgMTMuNjc1NCAzMS4yNTgxIDExLjY0NTIgMzEuMjU4MVpNMTIuODcxIDE3Ljc3NDJDMTEuNTE0OSAxNy43NzQyIDEwLjQxOTQgMTYuNjc4NiAxMC40MTk0IDE1LjMyMjZDMTAuNDE5NCAxMy45NjY1IDExLjUxNDkgMTIuODcxIDEyLjg3MSAxMi44NzFDMTQuMjI3IDEyLjg3MSAxNS4zMjI2IDEzLjk2NjUgMTUuMzIyNiAxNS4zMjI2QzE1LjMyMjYgMTYuNjc4NiAxNC4yMjcgMTcuNzc0MiAxMi44NzEgMTcuNzc0MlpNMjUuOTEwNSAyOS41ODc5QzI0LjE5NDQgMjcuNTM0NyAyMS42NzM4IDI2LjM1NDggMTkgMjYuMzU0OEMxNy4zNzU4IDI2LjM1NDggMTcuMzc1OCAyMy45MDMyIDE5IDIzLjkwMzJDMjIuNDAxNiAyMy45MDMyIDI1LjYxMTcgMjUuNDA0OCAyNy43ODc1IDI4LjAyNUMyOC44NDQ4IDI5LjI4MTUgMjYuOTI5NCAzMC44MjE0IDI1LjkxMDUgMjkuNTg3OVoiIGZpbGw9ImJsYWNrIi8+Cjwvc3ZnPgo=\" alt=\"\"\/><\/figure>\n\n\n\n<h2 class=\"wc-block-cart__empty-cart__title has-text-align-center eplus-wrapper wp-block-heading\">Votre panier est actuellement vide.<\/h2>\n\n\n\n<p class=\"has-text-align-center eplus-wrapper\"><a href=\"http:\/\/ulm-larochelle.fr\/index.php\/boutique\/\">Parcourir la boutique<\/a>.<\/p>\n\n\n\n<hr class=\"is-style-dots wp-block-separator has-alpha-channel-opacity eplus-wrapper\"\/>\n\n\n\n<h2 class=\"has-text-align-center eplus-wrapper wp-block-heading\">Nouveau dans la boutique<\/h2>\n\n\n<div data-block-name=\"woocommerce\/product-new\" data-rows=\"1\" class=\"wc-block-grid wp-block-product-new wp-block-woocommerce-product-new wc-block-product-new has-3-columns\"><ul class=\"wc-block-grid__products\"><li class=\"wc-block-grid__product\">\n\t\t\t\t<a href=\"https:\/\/ulm-larochelle.fr\/index.php\/produit\/oleron-et-vauban\/\" class=\"wc-block-grid__product-link\">\n\t\t\t\t\t\n\t\t\t\t\t<div class=\"wc-block-grid__product-image\"><img loading=\"lazy\" decoding=\"async\" width=\"450\" height=\"450\" src=\"https:\/\/i0.wp.com\/ulm-larochelle.fr\/wp-content\/uploads\/2022\/06\/Ile-oleron-2.jpg?resize=450%2C450&amp;ssl=1\" class=\"attachment-woocommerce_thumbnail size-woocommerce_thumbnail\" alt=\"Ol\u00e9ron et Vauban\" srcset=\"https:\/\/i0.wp.com\/ulm-larochelle.fr\/wp-content\/uploads\/2022\/06\/Ile-oleron-2.jpg?resize=150%2C150&amp;ssl=1 150w, https:\/\/i0.wp.com\/ulm-larochelle.fr\/wp-content\/uploads\/2022\/06\/Ile-oleron-2.jpg?resize=450%2C450&amp;ssl=1 450w, https:\/\/i0.wp.com\/ulm-larochelle.fr\/wp-content\/uploads\/2022\/06\/Ile-oleron-2.jpg?resize=100%2C100&amp;ssl=1 100w, https:\/\/i0.wp.com\/ulm-larochelle.fr\/wp-content\/uploads\/2022\/06\/Ile-oleron-2.jpg?zoom=2&amp;resize=450%2C450&amp;ssl=1 900w, https:\/\/i0.wp.com\/ulm-larochelle.fr\/wp-content\/uploads\/2022\/06\/Ile-oleron-2.jpg?zoom=3&amp;resize=450%2C450&amp;ssl=1 1350w\" sizes=\"auto, (max-width: 450px) 100vw, 450px\" data-attachment-id=\"1317\" data-permalink=\"https:\/\/ulm-larochelle.fr\/?attachment_id=1317\" data-orig-file=\"https:\/\/i0.wp.com\/ulm-larochelle.fr\/wp-content\/uploads\/2022\/06\/Ile-oleron-2.jpg?fit=1920%2C1080&amp;ssl=1\" data-orig-size=\"1920,1080\" data-comments-opened=\"1\" data-image-meta=\"{&quot;aperture&quot;:&quot;0&quot;,&quot;credit&quot;:&quot;&quot;,&quot;camera&quot;:&quot;&quot;,&quot;caption&quot;:&quot;&quot;,&quot;created_timestamp&quot;:&quot;0&quot;,&quot;copyright&quot;:&quot;&quot;,&quot;focal_length&quot;:&quot;0&quot;,&quot;iso&quot;:&quot;0&quot;,&quot;shutter_speed&quot;:&quot;0&quot;,&quot;title&quot;:&quot;&quot;,&quot;orientation&quot;:&quot;0&quot;}\" data-image-title=\"Ile-oleron-2\" data-image-description=\"&lt;p&gt;ile d&amp;rsquo;ol\u00e9ron sur le circuit de vauban&lt;\/p&gt;\n\" data-image-caption=\"\" data-large-file=\"https:\/\/i0.wp.com\/ulm-larochelle.fr\/wp-content\/uploads\/2022\/06\/Ile-oleron-2.jpg?fit=1024%2C576&amp;ssl=1\" \/><\/div>\n\t\t\t\t\t<div class=\"wc-block-grid__product-title\">8 &#8211; Ol\u00e9ron et Vauban<\/div>\n\t\t\t\t<\/a>\n\t\t\t\t<div class=\"wc-block-grid__product-price price\"><span class=\"woocommerce-Price-amount amount\">450,00&nbsp;<span class=\"woocommerce-Price-currencySymbol\">&euro;<\/span><\/span><\/div>\n\t\t\t\t\n\t\t\t\t<div class=\"wp-block-button wc-block-grid__product-add-to-cart\"><a href=\"\/index.php\/wp-json\/wp\/v2\/pages\/23?add-to-cart=727\" aria-label=\"Ajouter au panier\u00a0: &ldquo;8 - Ol\u00e9ron et Vauban&rdquo;\" data-quantity=\"1\" data-product_id=\"727\" data-product_sku=\"\" data-price=\"450\" rel=\"nofollow\" class=\"wp-block-button__link wp-element-button add_to_cart_button ajax_add_to_cart\">Ajouter au panier<\/a><\/div>\n\t\t\t<\/li><li class=\"wc-block-grid__product\">\n\t\t\t\t<a href=\"https:\/\/ulm-larochelle.fr\/index.php\/produit\/option-video\/\" class=\"wc-block-grid__product-link\">\n\t\t\t\t\t\n\t\t\t\t\t<div class=\"wc-block-grid__product-image\"><img loading=\"lazy\" decoding=\"async\" width=\"450\" height=\"450\" src=\"https:\/\/i0.wp.com\/ulm-larochelle.fr\/wp-content\/uploads\/2022\/04\/video-scaled.jpg?resize=450%2C450&amp;ssl=1\" class=\"attachment-woocommerce_thumbnail size-woocommerce_thumbnail\" alt=\"option vid\u00e9o\" srcset=\"https:\/\/i0.wp.com\/ulm-larochelle.fr\/wp-content\/uploads\/2022\/04\/video-scaled.jpg?resize=150%2C150&amp;ssl=1 150w, https:\/\/i0.wp.com\/ulm-larochelle.fr\/wp-content\/uploads\/2022\/04\/video-scaled.jpg?resize=450%2C450&amp;ssl=1 450w, https:\/\/i0.wp.com\/ulm-larochelle.fr\/wp-content\/uploads\/2022\/04\/video-scaled.jpg?resize=100%2C100&amp;ssl=1 100w, https:\/\/i0.wp.com\/ulm-larochelle.fr\/wp-content\/uploads\/2022\/04\/video-scaled.jpg?zoom=2&amp;resize=450%2C450&amp;ssl=1 900w, https:\/\/i0.wp.com\/ulm-larochelle.fr\/wp-content\/uploads\/2022\/04\/video-scaled.jpg?zoom=3&amp;resize=450%2C450&amp;ssl=1 1350w\" sizes=\"auto, (max-width: 450px) 100vw, 450px\" data-attachment-id=\"3570\" data-permalink=\"https:\/\/ulm-larochelle.fr\/?attachment_id=3570\" data-orig-file=\"https:\/\/i0.wp.com\/ulm-larochelle.fr\/wp-content\/uploads\/2022\/04\/video-scaled.jpg?fit=1440%2C2560&amp;ssl=1\" data-orig-size=\"1440,2560\" data-comments-opened=\"1\" data-image-meta=\"{&quot;aperture&quot;:&quot;2&quot;,&quot;credit&quot;:&quot;&quot;,&quot;camera&quot;:&quot;Pixel 6&quot;,&quot;caption&quot;:&quot;&quot;,&quot;created_timestamp&quot;:&quot;1720289599&quot;,&quot;copyright&quot;:&quot;&quot;,&quot;focal_length&quot;:&quot;2.51&quot;,&quot;iso&quot;:&quot;44&quot;,&quot;shutter_speed&quot;:&quot;0.000463&quot;,&quot;title&quot;:&quot;&quot;,&quot;orientation&quot;:&quot;1&quot;}\" data-image-title=\"option vid\u00e9o\" data-image-description=\"\" data-image-caption=\"\" data-large-file=\"https:\/\/i0.wp.com\/ulm-larochelle.fr\/wp-content\/uploads\/2022\/04\/video-scaled.jpg?fit=576%2C1024&amp;ssl=1\" \/><\/div>\n\t\t\t\t\t<div class=\"wc-block-grid__product-title\">Option Vid\u00e9o<\/div>\n\t\t\t\t<\/a>\n\t\t\t\t<div class=\"wc-block-grid__product-price price\"><span class=\"woocommerce-Price-amount amount\">50,00&nbsp;<span class=\"woocommerce-Price-currencySymbol\">&euro;<\/span><\/span><\/div>\n\t\t\t\t\n\t\t\t\t<div class=\"wp-block-button wc-block-grid__product-add-to-cart\"><a href=\"\/index.php\/wp-json\/wp\/v2\/pages\/23?add-to-cart=37\" aria-label=\"Ajouter au panier\u00a0: &ldquo;Option Vid\u00e9o&rdquo;\" data-quantity=\"1\" data-product_id=\"37\" data-product_sku=\"\" data-price=\"50\" rel=\"nofollow\" class=\"wp-block-button__link wp-element-button add_to_cart_button ajax_add_to_cart\">Ajouter au panier<\/a><\/div>\n\t\t\t<\/li><li class=\"wc-block-grid__product\">\n\t\t\t\t<a href=\"https:\/\/ulm-larochelle.fr\/index.php\/produit\/baie-vendeenne-a-ile-de-re\/\" class=\"wc-block-grid__product-link\">\n\t\t\t\t\t\n\t\t\t\t\t<div class=\"wc-block-grid__product-image\"><img loading=\"lazy\" decoding=\"async\" width=\"450\" height=\"450\" src=\"https:\/\/i0.wp.com\/ulm-larochelle.fr\/wp-content\/uploads\/2022\/04\/168-phare-des-baleines.jpg?resize=450%2C450&amp;ssl=1\" class=\"attachment-woocommerce_thumbnail size-woocommerce_thumbnail\" alt=\"Baie Vend\u00e9enne \u00e0 l\u2019Ile de R\u00e9\" srcset=\"https:\/\/i0.wp.com\/ulm-larochelle.fr\/wp-content\/uploads\/2022\/04\/168-phare-des-baleines.jpg?resize=150%2C150&amp;ssl=1 150w, https:\/\/i0.wp.com\/ulm-larochelle.fr\/wp-content\/uploads\/2022\/04\/168-phare-des-baleines.jpg?resize=450%2C450&amp;ssl=1 450w, https:\/\/i0.wp.com\/ulm-larochelle.fr\/wp-content\/uploads\/2022\/04\/168-phare-des-baleines.jpg?resize=100%2C100&amp;ssl=1 100w, https:\/\/i0.wp.com\/ulm-larochelle.fr\/wp-content\/uploads\/2022\/04\/168-phare-des-baleines.jpg?zoom=2&amp;resize=450%2C450&amp;ssl=1 900w\" sizes=\"auto, (max-width: 450px) 100vw, 450px\" data-attachment-id=\"2028\" data-permalink=\"https:\/\/ulm-larochelle.fr\/?attachment_id=2028\" data-orig-file=\"https:\/\/i0.wp.com\/ulm-larochelle.fr\/wp-content\/uploads\/2022\/04\/168-phare-des-baleines.jpg?fit=900%2C695&amp;ssl=1\" data-orig-size=\"900,695\" data-comments-opened=\"1\" data-image-meta=\"{&quot;aperture&quot;:&quot;0&quot;,&quot;credit&quot;:&quot;&quot;,&quot;camera&quot;:&quot;&quot;,&quot;caption&quot;:&quot;&quot;,&quot;created_timestamp&quot;:&quot;1663438840&quot;,&quot;copyright&quot;:&quot;&quot;,&quot;focal_length&quot;:&quot;0&quot;,&quot;iso&quot;:&quot;0&quot;,&quot;shutter_speed&quot;:&quot;0&quot;,&quot;title&quot;:&quot;&quot;,&quot;orientation&quot;:&quot;1&quot;}\" data-image-title=\"168-phare-des-baleines\" data-image-description=\"\" data-image-caption=\"&lt;p&gt;du pertuis \u00e0 l&amp;rsquo;ile de R\u00e9&lt;\/p&gt;\n\" data-large-file=\"https:\/\/i0.wp.com\/ulm-larochelle.fr\/wp-content\/uploads\/2022\/04\/168-phare-des-baleines.jpg?fit=900%2C695&amp;ssl=1\" \/><\/div>\n\t\t\t\t\t<div class=\"wc-block-grid__product-title\">6 &#8211; Baie Vend\u00e9enne \u00e0 l\u2019Ile de R\u00e9<\/div>\n\t\t\t\t<\/a>\n\t\t\t\t<div class=\"wc-block-grid__product-price price\"><span class=\"woocommerce-Price-amount amount\">280,00&nbsp;<span class=\"woocommerce-Price-currencySymbol\">&euro;<\/span><\/span><\/div>\n\t\t\t\t\n\t\t\t\t<div class=\"wp-block-button wc-block-grid__product-add-to-cart\"><a href=\"\/index.php\/wp-json\/wp\/v2\/pages\/23?add-to-cart=33\" aria-label=\"Ajouter au panier\u00a0: &ldquo;6 - Baie Vend\u00e9enne \u00e0 l\u2019Ile de R\u00e9&rdquo;\" data-quantity=\"1\" data-product_id=\"33\" data-product_sku=\"\" data-price=\"280\" rel=\"nofollow\" class=\"wp-block-button__link wp-element-button add_to_cart_button ajax_add_to_cart\">Ajouter au panier<\/a><\/div>\n\t\t\t<\/li><\/ul><\/div><\/div>\n<\/div>\n","protected":false},"excerpt":{"rendered":"","protected":false},"author":1,"featured_media":0,"parent":0,"menu_order":0,"comment_status":"closed","ping_status":"closed","template":"","meta":{"inline_featured_image":false,"editor_plus_copied_stylings":"{}","footnotes":""},"class_list":["post-23","page","type-page","status-publish","hentry"],"jetpack_sharing_enabled":true,"_links":{"self":[{"href":"https:\/\/ulm-larochelle.fr\/index.php\/wp-json\/wp\/v2\/pages\/23","targetHints":{"allow":["GET"]}}],"collection":[{"href":"https:\/\/ulm-larochelle.fr\/index.php\/wp-json\/wp\/v2\/pages"}],"about":[{"href":"https:\/\/ulm-larochelle.fr\/index.php\/wp-json\/wp\/v2\/types\/page"}],"author":[{"embeddable":true,"href":"https:\/\/ulm-larochelle.fr\/index.php\/wp-json\/wp\/v2\/users\/1"}],"replies":[{"embeddable":true,"href":"https:\/\/ulm-larochelle.fr\/index.php\/wp-json\/wp\/v2\/comments?post=23"}],"version-history":[{"count":5,"href":"https:\/\/ulm-larochelle.fr\/index.php\/wp-json\/wp\/v2\/pages\/23\/revisions"}],"predecessor-version":[{"id":3384,"href":"https:\/\/ulm-larochelle.fr\/index.php\/wp-json\/wp\/v2\/pages\/23\/revisions\/3384"}],"wp:attachment":[{"href":"https:\/\/ulm-larochelle.fr\/index.php\/wp-json\/wp\/v2\/media?parent=23"}],"curies":[{"name":"wp","href":"https:\/\/api.w.org\/{rel}","templated":true}]}}